{"id":1639,"date":"2021-01-22T14:06:13","date_gmt":"2021-01-22T13:06:13","guid":{"rendered":"https:\/\/wp3.blazek.xyz\/?page_id=1639"},"modified":"2021-01-22T18:33:33","modified_gmt":"2021-01-22T17:33:33","slug":"products","status":"publish","type":"page","link":"https:\/\/wp3.blazek.xyz\/en\/products\/","title":{"rendered":"Products"},"content":{"rendered":"<p>[et_pb_section fb_built=&#8221;1&#8243; _builder_version=&#8221;4.6.6&#8243; _module_preset=&#8221;default&#8221; background_color=&#8221;#0095d8&#8243; background_enable_image=&#8221;off&#8221; custom_padding=&#8221;||38px|||&#8221;][et_pb_row custom_padding_last_edited=&#8221;on|phone&#8221; _builder_version=&#8221;4.6.6&#8243; _module_preset=&#8221;default&#8221; custom_margin=&#8221;0px||0px||false|false&#8221; custom_margin_tablet=&#8221;0px||0px||false|false&#8221; custom_margin_phone=&#8221;0px||0px||false|false&#8221; custom_margin_last_edited=&#8221;on|tablet&#8221; custom_padding=&#8221;20px||20px||false|false&#8221; custom_padding_tablet=&#8221;0px||0px||false|false&#8221; custom_padding_phone=&#8221;0px||0px||false|false&#8221;][et_pb_column type=&#8221;4_4&#8243; _builder_version=&#8221;4.6.6&#8243; _module_preset=&#8221;default&#8221;][et_pb_text _builder_version=&#8221;4.7.7&#8243; _module_preset=&#8221;default&#8221; header_font=&#8221;|||on|||||&#8221; header_text_color=&#8221;#ffffff&#8221;]<\/p>\n<h1>Products<\/h1>\n<p>[\/et_pb_text][\/et_pb_column][\/et_pb_row][\/et_pb_section][et_pb_section fb_built=&#8221;1&#8243; custom_padding_last_edited=&#8221;on|tablet&#8221; _builder_version=&#8221;4.6.6&#8243; _module_preset=&#8221;default&#8221; custom_margin_tablet=&#8221;0px||||false|false&#8221; custom_margin_phone=&#8221;&#8221; custom_margin_last_edited=&#8221;on|phone&#8221; custom_padding=&#8221;||8px|||&#8221; custom_padding_tablet=&#8221;8px||||false|false&#8221; custom_padding_phone=&#8221;&#8221;][et_pb_row column_structure=&#8221;1_4,3_4&#8243; use_custom_gutter=&#8221;on&#8221; gutter_width=&#8221;2&#8243; _builder_version=&#8221;4.6.6&#8243; _module_preset=&#8221;default&#8221;][et_pb_column type=&#8221;1_4&#8243; _builder_version=&#8221;4.6.6&#8243; _module_preset=&#8221;default&#8221;][et_pb_menu menu_id=&#8221;76&#8243; active_link_color=&#8221;#0095d8&#8243; _builder_version=&#8221;4.7.7&#8243; _module_preset=&#8221;default&#8221; menu_font=&#8221;|||on|||||&#8221; menu_text_color=&#8221;#3d3d3d&#8221; menu_line_height=&#8221;1.2em&#8221; background_color=&#8221;#e3eff8&#8243; custom_padding=&#8221;20px|33px|20px|33px|true|true&#8221; hover_enabled=&#8221;0&#8243; box_shadow_style=&#8221;preset3&#8243; box_shadow_color=&#8221;rgba(0,0,0,0.12)&#8221; menu_text_color__hover_enabled=&#8221;on|hover&#8221; menu_text_color__hover=&#8221;#0095d8&#8243; sticky_enabled=&#8221;0&#8243;][\/et_pb_menu][\/et_pb_column][et_pb_column type=&#8221;3_4&#8243; _builder_version=&#8221;4.6.6&#8243; _module_preset=&#8221;default&#8221;][et_pb_text module_class=&#8221;odrazky&#8221; _builder_version=&#8221;4.6.6&#8243; _module_preset=&#8221;default&#8221; text_font=&#8221;Montserrat||||||||&#8221; text_text_color=&#8221;#3d3d3d&#8221; text_font_size=&#8221;15px&#8221; custom_margin=&#8221;||55px|||&#8221; custom_margin_tablet=&#8221;&#8221; custom_margin_phone=&#8221;0px||||false|false&#8221; custom_margin_last_edited=&#8221;on|phone&#8221; custom_padding_tablet=&#8221;&#8221; custom_padding_phone=&#8221;0px||||false|false&#8221; custom_padding_last_edited=&#8221;on|phone&#8221;]<\/p>\n<h4><\/h4>\n<p>Safetec medical engineering s.r.o. konstruuje a&nbsp;vyr\u00e1b\u00ed jedno\u00fa\u010delov\u00e9, v\u00edce\u00fa\u010delov\u00e9 i&nbsp;speci\u00e1ln\u00ed stroje, mont\u00e1\u017en\u00ed linky a&nbsp;za\u0159\u00edzen\u00ed vyu\u017e\u00edvaj\u00edc\u00ed r\u016fzn\u00fdch stup\u0148\u016f automatizace. Implementujeme m\u011b\u0159\u00edc\u00ed a&nbsp;testovac\u00ed za\u0159\u00edzen\u00ed, robotick\u00e9 a&nbsp;kamerov\u00e9 syst\u00e9my.<\/p>\n<p>V\u00a0r\u00e1mci na\u0161eho konstruk\u010dn\u00edho odd\u011blen\u00ed vyv\u00edj\u00edme vlastn\u00ed \u0159e\u0161en\u00ed v&nbsp;programu AutoDesk Inventor s\u00a0v\u00fdstupn\u00edmi daty v\u00a0r\u016fzn\u00fdch form\u00e1tech.<\/p>\n<p>Pro na\u0161e stroje a&nbsp;za\u0159\u00edzen\u00ed pou\u017e\u00edv\u00e1me certifikovan\u00e9 materi\u00e1ly podl\u00e9haj\u00edc\u00ed<span>\u00a0<\/span><strong>na\u0159\u00edzen\u00ed Evropsk\u00e9ho parlamentu a&nbsp;Rady (ES) \u010d. 1935\/2004 o&nbsp;materi\u00e1lech a&nbsp;p\u0159edm\u011btech ur\u010den\u00fdch pro styk s\u00a0potravinami.<\/strong><\/p>\n<p>Dlouhodob\u011b spolupracujeme pouze s\u00a0ov\u011b\u0159en\u00fdmi dodavateli, kte\u0159\u00ed podl\u00e9haj\u00ed pravideln\u00fdm audit\u016fm.<\/p>\n<p>[\/et_pb_text][et_pb_gallery gallery_ids=&#8221;317,330,331,332,333&#8243; posts_number=&#8221;10&#8243; show_title_and_caption=&#8221;off&#8221; _builder_version=&#8221;4.7.7&#8243; _module_preset=&#8221;default&#8221; pagination_font=&#8221;|||on|||||&#8221; pagination_text_color=&#8221;#3d3d3d&#8221; pagination_font_size=&#8221;14px&#8221; pagination_letter_spacing=&#8221;1px&#8221; custom_margin=&#8221;||0px|||&#8221; custom_padding=&#8221;||0px|||&#8221;][\/et_pb_gallery][\/et_pb_column][\/et_pb_row][\/et_pb_section][et_pb_section fb_built=&#8221;1&#8243; _builder_version=&#8221;4.6.6&#8243; _module_preset=&#8221;default&#8221; background_color=&#8221;#0095d8&#8243; custom_margin=&#8221;0px||0px||false|false&#8221; custom_padding=&#8221;0px||0px||false|false&#8221; top_divider_height=&#8221;33px&#8221; top_divider_flip=&#8221;vertical&#8221; bottom_divider_height=&#8221;33px&#8221; bottom_divider_flip=&#8221;vertical&#8221;][et_pb_row column_structure=&#8221;3_5,2_5&#8243; _builder_version=&#8221;4.5.1&#8243; _module_preset=&#8221;default&#8221; custom_margin=&#8221;0px||||false|false&#8221; custom_padding=&#8221;61px||61px||true|false&#8221;][et_pb_column type=&#8221;3_5&#8243; _builder_version=&#8221;4.5.1&#8243; _module_preset=&#8221;default&#8221;][et_pb_text _builder_version=&#8221;4.7.7&#8243; _module_preset=&#8221;default&#8221; header_2_font=&#8221;Montserrat|600|||||||&#8221; header_2_text_color=&#8221;#ffffff&#8221; header_2_font_size=&#8221;30px&#8221; custom_margin=&#8221;||10px|||&#8221;]<\/p>\n<h2>Are you interested in our services? Do you have a&nbsp;question for us?<\/h2>\n<p>[\/et_pb_text][et_pb_text _builder_version=&#8221;4.7.7&#8243; _module_preset=&#8221;default&#8221; text_font=&#8221;Montserrat|600|||||||&#8221; text_text_color=&#8221;#000000&#8243; text_font_size=&#8221;20px&#8221; header_2_font=&#8221;Dosis|600|||||||&#8221; header_2_text_color=&#8221;#ffffff&#8221; header_2_font_size=&#8221;34px&#8221; custom_margin=&#8221;-6px|||||&#8221;]<\/p>\n<p>Feel free to contact us.\u00a0<\/p>\n<p>[\/et_pb_text][\/et_pb_column][et_pb_column type=&#8221;2_5&#8243; _builder_version=&#8221;4.5.1&#8243; _module_preset=&#8221;default&#8221;][et_pb_button button_url=&#8221;\/kontakte\/&#8221; button_text=&#8221;Would you like to have a a quick look at what we do &#8221; button_alignment=&#8221;center&#8221; _builder_version=&#8221;4.7.7&#8243; _module_preset=&#8221;default&#8221; custom_button=&#8221;on&#8221; button_text_size=&#8221;15px&#8221; button_text_color=&#8221;#ffffff&#8221; button_bg_color=&#8221;rgba(255,255,255,0)&#8221; button_border_width=&#8221;2px&#8221; button_border_color=&#8221;#ffffff&#8221; button_border_radius=&#8221;33px&#8221; button_font=&#8221;Montserrat|||on|||||&#8221; custom_margin=&#8221;15px||||false|false&#8221; custom_padding=&#8221;6px||10px|22px|false|false&#8221;][\/et_pb_button][\/et_pb_column][\/et_pb_row][\/et_pb_section][et_pb_section fb_built=&#8221;1&#8243; _builder_version=&#8221;4.7.7&#8243; _module_preset=&#8221;default&#8221; use_background_color_gradient=&#8221;on&#8221; background_color_gradient_start=&#8221;rgba(61,61,61,0.95)&#8221; background_color_gradient_end=&#8221;rgba(61,61,61,0.78)&#8221; background_color_gradient_overlays_image=&#8221;on&#8221; background_image=&#8221;https:\/\/wp3.blazek.xyz\/wp-content\/uploads\/2020\/10\/uvodni-foto.jpg&#8221; custom_padding=&#8221;||54px|||&#8221; bottom_divider_style=&#8221;mountains2&#8243; bottom_divider_color=&#8221;#000000&#8243; bottom_divider_height=&#8221;30px&#8221;][et_pb_row column_structure=&#8221;1_3,1_3,1_3&#8243; use_custom_gutter=&#8221;on&#8221; gutter_width=&#8221;2&#8243; _builder_version=&#8221;4.6.6&#8243; _module_preset=&#8221;default&#8221; custom_margin=&#8221;|auto|16px|auto|false|false&#8221; custom_padding=&#8221;6px||3px|||&#8221;][et_pb_column type=&#8221;1_3&#8243; _builder_version=&#8221;4.6.6&#8243; _module_preset=&#8221;default&#8221;][et_pb_text _builder_version=&#8221;4.7.7&#8243; _module_preset=&#8221;default&#8221; text_text_color=&#8221;#ededed&#8221; header_2_font=&#8221;Montserrat|600|||||||&#8221; header_2_text_color=&#8221;#3ea8d8&#8243; header_2_font_size=&#8221;19px&#8221; custom_margin=&#8221;||10px|0px|false|false&#8221; custom_padding=&#8221;||0px|0px|false|false&#8221;]<\/p>\n<h2>safetec medical engineering s.r.o.<\/h2>\n<p>[\/et_pb_text][et_pb_blurb title=&#8221;Identifikation&#8221; use_icon=&#8221;on&#8221; font_icon=&#8221;%%71%%&#8221; icon_color=&#8221;#0095d8&#8243; use_circle=&#8221;on&#8221; circle_color=&#8221;#ededed&#8221; icon_placement=&#8221;left&#8221; use_icon_font_size=&#8221;on&#8221; icon_font_size=&#8221;13px&#8221; _builder_version=&#8221;4.7.7&#8243; _module_preset=&#8221;default&#8221; header_text_color=&#8221;#ffffff&#8221; body_text_color=&#8221;#ededed&#8221; custom_margin=&#8221;||15px|||&#8221;]<\/p>\n<p>Identification number: 02384515<br \/> Tax identification number: CZ02384515<br \/> egistered in dept. C, insert 218902 OR, issued by Municipal Court in Prague.<\/p>\n<p>[\/et_pb_blurb][et_pb_blurb title=&#8221;CONTACT US AT&#8221; use_icon=&#8221;on&#8221; font_icon=&#8221;%%238%%&#8221; icon_color=&#8221;#0095d8&#8243; use_circle=&#8221;on&#8221; circle_color=&#8221;#ededed&#8221; icon_placement=&#8221;left&#8221; use_icon_font_size=&#8221;on&#8221; icon_font_size=&#8221;13px&#8221; _builder_version=&#8221;4.7.7&#8243; _module_preset=&#8221;default&#8221; header_text_color=&#8221;#ffffff&#8221; body_text_color=&#8221;#ededed&#8221; custom_margin=&#8221;||15px|||&#8221; link_option_url=&#8221;mailto:safetec@safetec.cz&#8221;]<\/p>\n<p>safetec@safetec.cz<\/p>\n<p>[\/et_pb_blurb][et_pb_blurb title=&#8221;FINANCIAL DEPARTMENT&#8221; use_icon=&#8221;on&#8221; font_icon=&#8221;%%238%%&#8221; icon_color=&#8221;#0095d8&#8243; use_circle=&#8221;on&#8221; circle_color=&#8221;#ededed&#8221; icon_placement=&#8221;left&#8221; use_icon_font_size=&#8221;on&#8221; icon_font_size=&#8221;13px&#8221; _builder_version=&#8221;4.7.7&#8243; _module_preset=&#8221;default&#8221; header_text_color=&#8221;#ffffff&#8221; body_text_color=&#8221;#ededed&#8221; custom_margin=&#8221;||15px|||&#8221; link_option_url=&#8221;mailto:ucetni@safetec.cz&#8221;]<\/p>\n<p>ucetni@safetec.cz<\/p>\n<p>[\/et_pb_blurb][\/et_pb_column][et_pb_column type=&#8221;1_3&#8243; _builder_version=&#8221;4.6.6&#8243; _module_preset=&#8221;default&#8221;][et_pb_text _builder_version=&#8221;4.7.7&#8243; _module_preset=&#8221;default&#8221; text_font=&#8221;Montserrat||||||||&#8221; text_text_color=&#8221;#ededed&#8221; header_2_font=&#8221;Montserrat|600|||||||&#8221; header_2_text_color=&#8221;#ffffff&#8221; header_2_font_size=&#8221;19px&#8221; custom_margin=&#8221;||10px|||&#8221;]<\/p>\n<h2>Billing contact<\/h2>\n<p>safetec medical engineering, s.r.o.<br \/> Trabantsk\u00e1 292\/33<br \/> 190&nbsp;15 Praha 9<\/p>\n<p>[\/et_pb_text][et_pb_text _builder_version=&#8221;4.7.7&#8243; _module_preset=&#8221;default&#8221; text_font=&#8221;Montserrat||||||||&#8221; text_text_color=&#8221;#ededed&#8221; header_2_font=&#8221;Montserrat|600|||||||&#8221; header_2_text_color=&#8221;#ffffff&#8221; header_2_font_size=&#8221;19px&#8221; custom_margin=&#8221;||10px|||&#8221;]<\/p>\n<h2>Delivery and contact<\/h2>\n<p>safetec medical engineering, s.r.o. (blok A4)<br \/> Tou\u017eimsk\u00e1 767<br \/> 199&nbsp;00 Praha 18<\/p>\n<p>[\/et_pb_text][\/et_pb_column][et_pb_column type=&#8221;1_3&#8243; _builder_version=&#8221;4.6.6&#8243; _module_preset=&#8221;default&#8221;][et_pb_code _builder_version=&#8221;4.6.6&#8243; _module_preset=&#8221;default&#8221; custom_margin=&#8221;||0px||false|false&#8221; custom_padding=&#8221;||||false|false&#8221; filter_saturate=&#8221;51%&#8221;]<iframe loading=\"lazy\" src=\"https:\/\/www.google.com\/maps\/embed?pb=!1m14!1m8!1m3!1d10229.306070552055!2d14.5208104!3d50.1363233!3m2!1i1024!2i768!4f13.1!3m3!1m2!1s0x0%3A0xfff3edb200ba5bcf!2ssafetec%20medical%20engineering%20s.r.o.%20-%20provozovna!5e0!3m2!1scs!2scz!4v1602869130891!5m2!1scs!2scz\" width=\"100%\" height=\"280\" frameborder=\"0\" style=\"border:0;\" allowfullscreen=\"\" aria-hidden=\"false\" tabindex=\"0\"><\/iframe>[\/et_pb_code][\/et_pb_column][\/et_pb_row][\/et_pb_section][et_pb_section fb_built=&#8221;1&#8243; _builder_version=&#8221;4.6.6&#8243; _module_preset=&#8221;default&#8221; background_color=&#8221;#000000&#8243; custom_margin=&#8221;-12px||0px||false|false&#8221; custom_padding=&#8221;4px||0px||false|false&#8221; top_divider_height=&#8221;56px&#8221; top_divider_flip=&#8221;vertical&#8221;][et_pb_row _builder_version=&#8221;4.6.6&#8243; _module_preset=&#8221;default&#8221; custom_margin=&#8221;4px|auto|0px|auto|false|false&#8221; custom_padding=&#8221;10px||0px||false|false&#8221;][et_pb_column type=&#8221;4_4&#8243; _builder_version=&#8221;4.6.6&#8243; _module_preset=&#8221;default&#8221;][et_pb_text _builder_version=&#8221;4.6.6&#8243; _module_preset=&#8221;default&#8221; text_text_color=&#8221;#ffffff&#8221; custom_margin=&#8221;||-11px|||&#8221; custom_padding=&#8221;||0px||false|false&#8221;]\u00a92020 Safetec.cz[\/et_pb_text][\/et_pb_column][\/et_pb_row][\/et_pb_section]<\/p>\n","protected":false},"excerpt":{"rendered":"<p>[et_pb_section fb_built=&#8221;1&#8243; _builder_version=&#8221;4.6.6&#8243; _module_preset=&#8221;default&#8221; background_color=&#8221;#0095d8&#8243; background_enable_image=&#8221;off&#8221; custom_padding=&#8221;||38px|||&#8221;][et_pb_row custom_padding_last_edited=&#8221;on|phone&#8221; _builder_version=&#8221;4.6.6&#8243; _module_preset=&#8221;default&#8221; custom_margin=&#8221;0px||0px||false|false&#8221; custom_margin_tablet=&#8221;0px||0px||false|false&#8221; custom_margin_phone=&#8221;0px||0px||false|false&#8221; custom_margin_last_edited=&#8221;on|tablet&#8221; custom_padding=&#8221;20px||20px||false|false&#8221; custom_padding_tablet=&#8221;0px||0px||false|false&#8221; custom_padding_phone=&#8221;0px||0px||false|false&#8221;][et_pb_column type=&#8221;4_4&#8243; _builder_version=&#8221;4.6.6&#8243; _module_preset=&#8221;default&#8221;][et_pb_text _builder_version=&#8221;4.7.7&#8243; _module_preset=&#8221;default&#8221; header_font=&#8221;|||on|||||&#8221; header_text_color=&#8221;#ffffff&#8221;] Products [\/et_pb_text][\/et_pb_column][\/et_pb_row][\/et_pb_section][et_pb_section fb_built=&#8221;1&#8243; custom_padding_last_edited=&#8221;on|tablet&#8221; _builder_version=&#8221;4.6.6&#8243; _module_preset=&#8221;default&#8221; custom_margin_tablet=&#8221;0px||||false|false&#8221; custom_margin_phone=&#8221;&#8221; custom_margin_last_edited=&#8221;on|phone&#8221; custom_padding=&#8221;||8px|||&#8221; custom_padding_tablet=&#8221;8px||||false|false&#8221; custom_padding_phone=&#8221;&#8221;][et_pb_row column_structure=&#8221;1_4,3_4&#8243; use_custom_gutter=&#8221;on&#8221; gutter_width=&#8221;2&#8243; _builder_version=&#8221;4.6.6&#8243; _module_preset=&#8221;default&#8221;][et_pb_column type=&#8221;1_4&#8243; _builder_version=&#8221;4.6.6&#8243; _module_preset=&#8221;default&#8221;][et_pb_menu menu_id=&#8221;76&#8243; active_link_color=&#8221;#0095d8&#8243; _builder_version=&#8221;4.7.7&#8243; _module_preset=&#8221;default&#8221; menu_font=&#8221;|||on|||||&#8221; menu_text_color=&#8221;#3d3d3d&#8221; menu_line_height=&#8221;1.2em&#8221; background_color=&#8221;#e3eff8&#8243; custom_padding=&#8221;20px|33px|20px|33px|true|true&#8221; hover_enabled=&#8221;0&#8243; box_shadow_style=&#8221;preset3&#8243; [&hellip;]<\/p>\n","protected":false},"author":2,"featured_media":0,"parent":0,"menu_order":0,"comment_status":"closed","ping_status":"closed","template":"","meta":{"_et_pb_use_builder":"on","_et_pb_old_content":"","_et_gb_content_width":"","footnotes":""},"class_list":["post-1639","page","type-page","status-publish","hentry"],"_links":{"self":[{"href":"https:\/\/wp3.blazek.xyz\/en\/wp-json\/wp\/v2\/pages\/1639","targetHints":{"allow":["GET"]}}],"collection":[{"href":"https:\/\/wp3.blazek.xyz\/en\/wp-json\/wp\/v2\/pages"}],"about":[{"href":"https:\/\/wp3.blazek.xyz\/en\/wp-json\/wp\/v2\/types\/page"}],"author":[{"embeddable":true,"href":"https:\/\/wp3.blazek.xyz\/en\/wp-json\/wp\/v2\/users\/2"}],"replies":[{"embeddable":true,"href":"https:\/\/wp3.blazek.xyz\/en\/wp-json\/wp\/v2\/comments?post=1639"}],"version-history":[{"count":3,"href":"https:\/\/wp3.blazek.xyz\/en\/wp-json\/wp\/v2\/pages\/1639\/revisions"}],"predecessor-version":[{"id":1739,"href":"https:\/\/wp3.blazek.xyz\/en\/wp-json\/wp\/v2\/pages\/1639\/revisions\/1739"}],"wp:attachment":[{"href":"https:\/\/wp3.blazek.xyz\/en\/wp-json\/wp\/v2\/media?parent=1639"}],"curies":[{"name":"wp","href":"https:\/\/api.w.org\/{rel}","templated":true}]}}