{"id":1238,"date":"2021-01-17T12:36:22","date_gmt":"2021-01-17T11:36:22","guid":{"rendered":"https:\/\/wp3.blazek.xyz\/?page_id=1238"},"modified":"2021-01-22T15:04:55","modified_gmt":"2021-01-22T14:04:55","slug":"kontakte","status":"publish","type":"page","link":"https:\/\/wp3.blazek.xyz\/de\/kontakte\/","title":{"rendered":"Kontakte"},"content":{"rendered":"<p>[et_pb_section fb_built=&#8220;1&#8243; _builder_version=&#8220;4.6.6&#8243; _module_preset=&#8220;default&#8220; background_color=&#8220;#0095d8&#8243; background_enable_image=&#8220;off&#8220; custom_padding=&#8220;||38px|||&#8220;][et_pb_row custom_padding_last_edited=&#8220;on|phone&#8220; _builder_version=&#8220;4.6.6&#8243; _module_preset=&#8220;default&#8220; custom_margin=&#8220;0px||0px||false|false&#8220; custom_margin_tablet=&#8220;0px||0px||false|false&#8220; custom_margin_phone=&#8220;0px||0px||false|false&#8220; custom_margin_last_edited=&#8220;on|tablet&#8220; custom_padding=&#8220;20px||20px||false|false&#8220; custom_padding_tablet=&#8220;0px||0px||false|false&#8220; custom_padding_phone=&#8220;0px||0px||false|false&#8220;][et_pb_column type=&#8220;4_4&#8243; _builder_version=&#8220;4.6.6&#8243; _module_preset=&#8220;default&#8220;][et_pb_text _builder_version=&#8220;4.7.7&#8243; _module_preset=&#8220;default&#8220; header_font=&#8220;|||on|||||&#8220; header_text_color=&#8220;#ffffff&#8220;]<\/p>\n<h1>Kontakte<\/h1>\n<p>[\/et_pb_text][\/et_pb_column][\/et_pb_row][\/et_pb_section][et_pb_section fb_built=&#8220;1&#8243; custom_padding_last_edited=&#8220;on|tablet&#8220; _builder_version=&#8220;4.6.6&#8243; _module_preset=&#8220;default&#8220; custom_margin_tablet=&#8220;0px||||false|false&#8220; custom_margin_phone=&#8220;&#8220; custom_margin_last_edited=&#8220;on|phone&#8220; custom_padding=&#8220;||8px|||&#8220; custom_padding_tablet=&#8220;8px||||false|false&#8220; custom_padding_phone=&#8220;&#8220;][et_pb_row column_structure=&#8220;1_2,1_2&#8243; use_custom_gutter=&#8220;on&#8220; gutter_width=&#8220;2&#8243; _builder_version=&#8220;4.6.6&#8243; _module_preset=&#8220;default&#8220;][et_pb_column type=&#8220;1_2&#8243; _builder_version=&#8220;4.6.6&#8243; _module_preset=&#8220;default&#8220;][et_pb_text module_class=&#8220;odrazky&#8220; _builder_version=&#8220;4.7.7&#8243; _module_preset=&#8220;default&#8220; text_font=&#8220;Montserrat||||||||&#8220; text_text_color=&#8220;#3d3d3d&#8220; text_font_size=&#8220;15px&#8220; custom_margin=&#8220;||||false|false&#8220; custom_margin_tablet=&#8220;&#8220; custom_margin_phone=&#8220;0px||||false|false&#8220; custom_margin_last_edited=&#8220;on|phone&#8220; custom_padding_tablet=&#8220;&#8220; custom_padding_phone=&#8220;0px||||false|false&#8220; custom_padding_last_edited=&#8220;on|phone&#8220;]<\/p>\n<h3>safetec medical engineering s.r.o.<\/h3>\n<p><strong>Firmen-ID:<\/strong> 02384515<br \/><strong>Steuernummer:<\/strong> CZ02384515<\/p>\n<p>eingeschrieben in der Abteilung. C | 218902, gef\u00fchrt vom Amtsgericht in Prag<\/p>\n<p><a href=\"mailto:safetec@safetec.cz\">safetec@safetec.cz<\/a><br \/>E-Mail zum Versenden von Rechnungen: <a href=\"mailto:ucetni@safetec.cz\">ucetni@safetec.cz<\/a><\/p>\n<p>&nbsp;<\/p>\n<p>[\/et_pb_text][et_pb_text module_class=&#8220;odrazky&#8220; _builder_version=&#8220;4.7.7&#8243; _module_preset=&#8220;default&#8220; text_font=&#8220;Montserrat||||||||&#8220; text_text_color=&#8220;#3d3d3d&#8220; text_font_size=&#8220;15px&#8220; custom_margin=&#8220;||55px|||&#8220; custom_margin_tablet=&#8220;&#8220; custom_margin_phone=&#8220;0px||||false|false&#8220; custom_margin_last_edited=&#8220;on|phone&#8220; custom_padding_tablet=&#8220;&#8220; custom_padding_phone=&#8220;0px||||false|false&#8220; custom_padding_last_edited=&#8220;on|phone&#8220; hover_enabled=&#8220;0&#8243; sticky_enabled=&#8220;0&#8243;]<\/p>\n<h3>Firmenmanagement<\/h3>\n<h4>Gesch\u00e4ftsf\u00fchrer<\/h4>\n<p>Ing. V\u00e1clav Kuchta, MBA<br \/> +420&nbsp;226&nbsp;203&nbsp;650<br \/> +420&nbsp;775&nbsp;628&nbsp;295<br \/> <a href=\"mailto:vaclav.kuchta@safetec.cz\">vaclav.kuchta@safetec.cz<\/a><\/p>\n<h4>Hauptbuchhalter<\/h4>\n<p>Ing. Petra Pechov\u00e1<br \/> +420&nbsp;226&nbsp;203&nbsp;652<br \/> +420&nbsp;739&nbsp;905&nbsp;325<br \/> <a href=\"mailto:petra.pechova@safetec.cz\">petra.pechova@safetec.cz<\/a><\/p>\n<h4>Chefkonstrukteur<\/h4>\n<p>Ing. Vladim\u00edr \u0160koda<br \/> +420&nbsp;777&nbsp;658&nbsp;097<br \/> <a href=\"mailto:vladimir.skoda@safetec.cz\">vladimir.skoda@safetec.cz<\/a><\/p>\n<p>[\/et_pb_text][\/et_pb_column][et_pb_column type=&#8220;1_2&#8243; _builder_version=&#8220;4.6.6&#8243; _module_preset=&#8220;default&#8220;][et_pb_text _builder_version=&#8220;4.7.7&#8243; _module_preset=&#8220;default&#8220; custom_margin=&#8220;||80px|100px|false|false&#8220; hover_enabled=&#8220;0&#8243; sticky_enabled=&#8220;0&#8243;]<\/p>\n<h3>Rechnungsadresse:<\/h3>\n<p>safetec medical engineering, s.r.o.<br \/> Trabantsk\u00e1 292\/33<br \/> 190&nbsp;15 Praha 9<\/p>\n<h3>Lieferadresse (Niederlassung):<\/h3>\n<p>safetec medical engineering, s.r.o. (blok A4)<br \/> Tou\u017eimsk\u00e1 767<br \/> 199&nbsp;00 Praha 18<\/p>\n<p>[\/et_pb_text][et_pb_text _builder_version=&#8220;4.7.7&#8243; _module_preset=&#8220;default&#8220; custom_margin=&#8220;|||100px|false|false&#8220; hover_enabled=&#8220;0&#8243; sticky_enabled=&#8220;0&#8243;]<\/p>\n<h4>Cheftechniker \u2013 mechanisch<\/h4>\n<p>Luk\u00e1\u0161 Prestr<br \/> +420&nbsp;226&nbsp;203&nbsp;653<br \/> <a href=\"mailto:lukas.prestr@safetec.cz\">lukas.prestr@safetec.cz<\/a><\/p>\n<h4>Cheftechniker \u2013 elektrisch<\/h4>\n<p>Franti\u0161ek Bene\u0161<br \/> +420&nbsp;226&nbsp;203&nbsp;653<br \/> +420&nbsp;730&nbsp;805&nbsp;440<br \/> <a href=\"mailto:frantisek.benes@safetec.cz\" title=\"frantisek.benes@safetec.cz\">frantisek.benes@safetec.cz<\/a><\/p>\n<p>&nbsp;<\/p>\n<p>[\/et_pb_text][\/et_pb_column][\/et_pb_row][et_pb_row column_structure=&#8220;1_2,1_2&#8243; _builder_version=&#8220;4.6.6&#8243; _module_preset=&#8220;default&#8220;][et_pb_column type=&#8220;1_2&#8243; _builder_version=&#8220;4.6.6&#8243; _module_preset=&#8220;default&#8220;][et_pb_image src=&#8220;https:\/\/wp3.blazek.xyz\/wp-content\/uploads\/2020\/12\/12.jpg&#8220; title_text=&#8220;12&#8243; _builder_version=&#8220;4.7.4&#8243; _module_preset=&#8220;default&#8220;][\/et_pb_image][\/et_pb_column][et_pb_column type=&#8220;1_2&#8243; _builder_version=&#8220;4.6.6&#8243; _module_preset=&#8220;default&#8220;][et_pb_code _builder_version=&#8220;4.6.6&#8243; _module_preset=&#8220;default&#8220;]<iframe loading=\"lazy\" src=\"https:\/\/www.google.com\/maps\/embed?pb=!1m18!1m12!1m3!1d2557.341049767208!2d14.518376615715978!3d50.13605141784972!2m3!1f0!2f0!3f0!3m2!1i1024!2i768!4f13.1!3m3!1m2!1s0x470becf94bfcb1e3%3A0x7edc610c014b021d!2sTou%C5%BEimsk%C3%A1%20767%2C%20197%2000%20Praha%2018!5e0!3m2!1scs!2scz!4v1605734804079!5m2!1scs!2scz\" width=\"600\" height=\"383\" frameborder=\"0\" style=\"border:0;\" allowfullscreen=\"\" aria-hidden=\"false\" tabindex=\"0\"><\/iframe>[\/et_pb_code][\/et_pb_column][\/et_pb_row][\/et_pb_section][et_pb_section fb_built=&#8220;1&#8243; _builder_version=&#8220;4.7.7&#8243; _module_preset=&#8220;default&#8220; background_color=&#8220;#0095d8&#8243; custom_margin=&#8220;0px||0px||false|false&#8220; custom_padding=&#8220;0px||0px||false|false&#8220; top_divider_height=&#8220;33px&#8220; top_divider_flip=&#8220;vertical&#8220; bottom_divider_height=&#8220;33px&#8220; bottom_divider_flip=&#8220;vertical&#8220;][et_pb_row column_structure=&#8220;3_5,2_5&#8243; _builder_version=&#8220;4.5.1&#8243; _module_preset=&#8220;default&#8220; custom_margin=&#8220;0px||||false|false&#8220; custom_padding=&#8220;61px||61px||true|false&#8220;][et_pb_column type=&#8220;3_5&#8243; _builder_version=&#8220;4.5.1&#8243; _module_preset=&#8220;default&#8220;][et_pb_text _builder_version=&#8220;4.7.7&#8243; _module_preset=&#8220;default&#8220; header_2_font=&#8220;Montserrat|600|||||||&#8220; header_2_text_color=&#8220;#ffffff&#8220; header_2_font_size=&#8220;30px&#8220; custom_margin=&#8220;||10px|||&#8220;]<\/p>\n<h2>Haben Sie Interesse an unseren Dienstleistungen?<\/h2>\n<p>[\/et_pb_text][et_pb_text _builder_version=&#8220;4.7.7&#8243; _module_preset=&#8220;default&#8220; text_font=&#8220;Montserrat|600|||||||&#8220; text_text_color=&#8220;#000000&#8243; text_font_size=&#8220;20px&#8220; header_2_font=&#8220;Dosis|600|||||||&#8220; header_2_text_color=&#8220;#ffffff&#8220; header_2_font_size=&#8220;34px&#8220; custom_margin=&#8220;-6px|||||&#8220;]<\/p>\n<p>Haben Sie Fragen?<\/p>\n<p>[\/et_pb_text][\/et_pb_column][et_pb_column type=&#8220;2_5&#8243; _builder_version=&#8220;4.5.1&#8243; _module_preset=&#8220;default&#8220;][et_pb_button button_text=&#8220;Ich m\u00f6chte einen Termin vereinbaren&#8220; _builder_version=&#8220;4.7.7&#8243; _module_preset=&#8220;default&#8220; custom_button=&#8220;on&#8220; button_text_size=&#8220;15px&#8220; button_text_color=&#8220;#ffffff&#8220; button_bg_color=&#8220;rgba(255,255,255,0)&#8220; button_border_width=&#8220;2px&#8220; button_border_color=&#8220;#ffffff&#8220; button_border_radius=&#8220;33px&#8220; button_font=&#8220;Montserrat|||on|||||&#8220; custom_margin=&#8220;15px||||false|false&#8220; custom_padding=&#8220;6px||10px|22px|false|false&#8220;][\/et_pb_button][\/et_pb_column][\/et_pb_row][\/et_pb_section][et_pb_section fb_built=&#8220;1&#8243; _builder_version=&#8220;4.7.7&#8243; _module_preset=&#8220;default&#8220; use_background_color_gradient=&#8220;on&#8220; background_color_gradient_start=&#8220;rgba(61,61,61,0.95)&#8220; background_color_gradient_end=&#8220;rgba(61,61,61,0.78)&#8220; background_color_gradient_overlays_image=&#8220;on&#8220; background_image=&#8220;https:\/\/wp3.blazek.xyz\/wp-content\/uploads\/2020\/10\/uvodni-foto.jpg&#8220; bottom_divider_style=&#8220;mountains2&#8243; bottom_divider_color=&#8220;#000000&#8243; bottom_divider_height=&#8220;30px&#8220;][et_pb_row column_structure=&#8220;1_3,1_3,1_3&#8243; use_custom_gutter=&#8220;on&#8220; gutter_width=&#8220;2&#8243; _builder_version=&#8220;4.6.6&#8243; _module_preset=&#8220;default&#8220; custom_margin=&#8220;|auto|16px|auto|false|false&#8220; custom_padding=&#8220;6px||3px|||&#8220;][et_pb_column type=&#8220;1_3&#8243; _builder_version=&#8220;4.6.6&#8243; _module_preset=&#8220;default&#8220;][et_pb_text _builder_version=&#8220;4.7.7&#8243; _module_preset=&#8220;default&#8220; text_text_color=&#8220;#ededed&#8220; header_2_font=&#8220;Montserrat|600|||||||&#8220; header_2_text_color=&#8220;#3ea8d8&#8243; header_2_font_size=&#8220;19px&#8220; custom_margin=&#8220;||10px|0px|false|false&#8220; custom_padding=&#8220;||0px|0px|false|false&#8220;]<\/p>\n<h2>safetec medical engineering s.r.o.<\/h2>\n<p>[\/et_pb_text][et_pb_blurb title=&#8220;Identifikation&#8220; use_icon=&#8220;on&#8220; font_icon=&#8220;%%71%%&#8220; icon_color=&#8220;#0095d8&#8243; use_circle=&#8220;on&#8220; circle_color=&#8220;#ededed&#8220; icon_placement=&#8220;left&#8220; use_icon_font_size=&#8220;on&#8220; icon_font_size=&#8220;13px&#8220; _builder_version=&#8220;4.7.7&#8243; _module_preset=&#8220;default&#8220; header_text_color=&#8220;#ffffff&#8220; body_text_color=&#8220;#ededed&#8220; custom_margin=&#8220;||15px|||&#8220;]<\/p>\n<p>W-IdNr.: 02384515<br \/>Ust-IdNr: CZ02384515<br \/> Zaps\u00e1na v&nbsp;odd. C, vlo\u017eka 218902 OR, veden\u00e1 M\u011bstsk\u00fdm soudem v&nbsp;Praze.<\/p>\n<p>[\/et_pb_blurb][et_pb_blurb title=&#8220;E-Mail Kontakt&#8220; use_icon=&#8220;on&#8220; font_icon=&#8220;%%238%%&#8220; icon_color=&#8220;#0095d8&#8243; use_circle=&#8220;on&#8220; circle_color=&#8220;#ededed&#8220; icon_placement=&#8220;left&#8220; use_icon_font_size=&#8220;on&#8220; icon_font_size=&#8220;13px&#8220; _builder_version=&#8220;4.7.7&#8243; _module_preset=&#8220;default&#8220; header_text_color=&#8220;#ffffff&#8220; body_text_color=&#8220;#ededed&#8220; custom_margin=&#8220;||15px|||&#8220; link_option_url=&#8220;mailto:safetec@safetec.cz&#8220;]<\/p>\n<p>safetec@safetec.cz<\/p>\n<p>[\/et_pb_blurb][et_pb_blurb title=&#8220;E-Mail f\u00fcr Rechnungsstellung&#8220; use_icon=&#8220;on&#8220; font_icon=&#8220;%%238%%&#8220; icon_color=&#8220;#0095d8&#8243; use_circle=&#8220;on&#8220; circle_color=&#8220;#ededed&#8220; icon_placement=&#8220;left&#8220; use_icon_font_size=&#8220;on&#8220; icon_font_size=&#8220;13px&#8220; _builder_version=&#8220;4.7.7&#8243; _module_preset=&#8220;default&#8220; header_text_color=&#8220;#ffffff&#8220; body_text_color=&#8220;#ededed&#8220; custom_margin=&#8220;||15px|||&#8220; link_option_url=&#8220;mailto:ucetni@safetec.cz&#8220;]<\/p>\n<p>ucetni@safetec.cz<\/p>\n<p>[\/et_pb_blurb][\/et_pb_column][et_pb_column type=&#8220;1_3&#8243; _builder_version=&#8220;4.6.6&#8243; _module_preset=&#8220;default&#8220;][et_pb_text _builder_version=&#8220;4.7.7&#8243; _module_preset=&#8220;default&#8220; text_font=&#8220;Montserrat||||||||&#8220; text_text_color=&#8220;#ededed&#8220; header_2_font=&#8220;Montserrat|600|||||||&#8220; header_2_text_color=&#8220;#ffffff&#8220; header_2_font_size=&#8220;19px&#8220; custom_margin=&#8220;||10px|||&#8220;]<\/p>\n<h2>Gesch\u00e4ftsadresse<\/h2>\n<p>safetec medical engineering, s.r.o.<br \/> Trabantsk\u00e1 292\/33<br \/> 190&nbsp;15 Praha 9<\/p>\n<p>[\/et_pb_text][et_pb_text _builder_version=&#8220;4.7.7&#8243; _module_preset=&#8220;default&#8220; text_font=&#8220;Montserrat||||||||&#8220; text_text_color=&#8220;#ededed&#8220; header_2_font=&#8220;Montserrat|600|||||||&#8220; header_2_text_color=&#8220;#ffffff&#8220; header_2_font_size=&#8220;19px&#8220; custom_margin=&#8220;||10px|||&#8220;]<\/p>\n<h2>Standort<\/h2>\n<p>safetec medical engineering, s.r.o. (blok A4)<br \/> Tou\u017eimsk\u00e1 767<br \/> 199&nbsp;00 Praha 18<\/p>\n<p>[\/et_pb_text][\/et_pb_column][et_pb_column type=&#8220;1_3&#8243; _builder_version=&#8220;4.6.6&#8243; _module_preset=&#8220;default&#8220;][et_pb_code _builder_version=&#8220;4.6.6&#8243; _module_preset=&#8220;default&#8220; custom_margin=&#8220;||0px||false|false&#8220; custom_padding=&#8220;||||false|false&#8220; filter_saturate=&#8220;51%&#8220;]<iframe loading=\"lazy\" src=\"https:\/\/www.google.com\/maps\/embed?pb=!1m14!1m8!1m3!1d10229.306070552055!2d14.5208104!3d50.1363233!3m2!1i1024!2i768!4f13.1!3m3!1m2!1s0x0%3A0xfff3edb200ba5bcf!2ssafetec%20medical%20engineering%20s.r.o.%20-%20provozovna!5e0!3m2!1scs!2scz!4v1602869130891!5m2!1scs!2scz\" width=\"100%\" height=\"280\" frameborder=\"0\" style=\"border:0;\" allowfullscreen=\"\" aria-hidden=\"false\" tabindex=\"0\"><\/iframe>[\/et_pb_code][\/et_pb_column][\/et_pb_row][\/et_pb_section][et_pb_section fb_built=&#8220;1&#8243; _builder_version=&#8220;4.6.6&#8243; _module_preset=&#8220;default&#8220; background_color=&#8220;#000000&#8243; custom_margin=&#8220;-12px||0px||false|false&#8220; custom_padding=&#8220;4px||0px||false|false&#8220; top_divider_height=&#8220;56px&#8220; top_divider_flip=&#8220;vertical&#8220;][et_pb_row _builder_version=&#8220;4.6.6&#8243; _module_preset=&#8220;default&#8220; custom_margin=&#8220;4px|auto|0px|auto|false|false&#8220; custom_padding=&#8220;10px||0px||false|false&#8220;][et_pb_column type=&#8220;4_4&#8243; _builder_version=&#8220;4.6.6&#8243; _module_preset=&#8220;default&#8220;][et_pb_text _builder_version=&#8220;4.6.6&#8243; _module_preset=&#8220;default&#8220; text_text_color=&#8220;#ffffff&#8220; custom_margin=&#8220;||-11px|||&#8220; custom_padding=&#8220;||0px||false|false&#8220;]\u00a92020 Safetec.cz[\/et_pb_text][\/et_pb_column][\/et_pb_row][\/et_pb_section]<\/p>\n","protected":false},"excerpt":{"rendered":"<p>[et_pb_section fb_built=&#8220;1&#8243; _builder_version=&#8220;4.6.6&#8243; _module_preset=&#8220;default&#8220; background_color=&#8220;#0095d8&#8243; background_enable_image=&#8220;off&#8220; custom_padding=&#8220;||38px|||&#8220;][et_pb_row custom_padding_last_edited=&#8220;on|phone&#8220; _builder_version=&#8220;4.6.6&#8243; _module_preset=&#8220;default&#8220; custom_margin=&#8220;0px||0px||false|false&#8220; custom_margin_tablet=&#8220;0px||0px||false|false&#8220; custom_margin_phone=&#8220;0px||0px||false|false&#8220; custom_margin_last_edited=&#8220;on|tablet&#8220; custom_padding=&#8220;20px||20px||false|false&#8220; custom_padding_tablet=&#8220;0px||0px||false|false&#8220; custom_padding_phone=&#8220;0px||0px||false|false&#8220;][et_pb_column type=&#8220;4_4&#8243; _builder_version=&#8220;4.6.6&#8243; _module_preset=&#8220;default&#8220;][et_pb_text _builder_version=&#8220;4.7.7&#8243; _module_preset=&#8220;default&#8220; header_font=&#8220;|||on|||||&#8220; header_text_color=&#8220;#ffffff&#8220;] Kontakte [\/et_pb_text][\/et_pb_column][\/et_pb_row][\/et_pb_section][et_pb_section fb_built=&#8220;1&#8243; custom_padding_last_edited=&#8220;on|tablet&#8220; _builder_version=&#8220;4.6.6&#8243; _module_preset=&#8220;default&#8220; custom_margin_tablet=&#8220;0px||||false|false&#8220; custom_margin_phone=&#8220;&#8220; custom_margin_last_edited=&#8220;on|phone&#8220; custom_padding=&#8220;||8px|||&#8220; custom_padding_tablet=&#8220;8px||||false|false&#8220; custom_padding_phone=&#8220;&#8220;][et_pb_row column_structure=&#8220;1_2,1_2&#8243; use_custom_gutter=&#8220;on&#8220; gutter_width=&#8220;2&#8243; _builder_version=&#8220;4.6.6&#8243; _module_preset=&#8220;default&#8220;][et_pb_column type=&#8220;1_2&#8243; _builder_version=&#8220;4.6.6&#8243; _module_preset=&#8220;default&#8220;][et_pb_text module_class=&#8220;odrazky&#8220; _builder_version=&#8220;4.7.7&#8243; _module_preset=&#8220;default&#8220; text_font=&#8220;Montserrat||||||||&#8220; text_text_color=&#8220;#3d3d3d&#8220; text_font_size=&#8220;15px&#8220; custom_margin=&#8220;||||false|false&#8220; custom_margin_tablet=&#8220;&#8220; custom_margin_phone=&#8220;0px||||false|false&#8220; custom_margin_last_edited=&#8220;on|phone&#8220; custom_padding_tablet=&#8220;&#8220; [&hellip;]<\/p>\n","protected":false},"author":2,"featured_media":0,"parent":0,"menu_order":0,"comment_status":"closed","ping_status":"closed","template":"","meta":{"_et_pb_use_builder":"on","_et_pb_old_content":"","_et_gb_content_width":"","footnotes":""},"class_list":["post-1238","page","type-page","status-publish","hentry"],"_links":{"self":[{"href":"https:\/\/wp3.blazek.xyz\/de\/wp-json\/wp\/v2\/pages\/1238","targetHints":{"allow":["GET"]}}],"collection":[{"href":"https:\/\/wp3.blazek.xyz\/de\/wp-json\/wp\/v2\/pages"}],"about":[{"href":"https:\/\/wp3.blazek.xyz\/de\/wp-json\/wp\/v2\/types\/page"}],"author":[{"embeddable":true,"href":"https:\/\/wp3.blazek.xyz\/de\/wp-json\/wp\/v2\/users\/2"}],"replies":[{"embeddable":true,"href":"https:\/\/wp3.blazek.xyz\/de\/wp-json\/wp\/v2\/comments?post=1238"}],"version-history":[{"count":8,"href":"https:\/\/wp3.blazek.xyz\/de\/wp-json\/wp\/v2\/pages\/1238\/revisions"}],"predecessor-version":[{"id":1681,"href":"https:\/\/wp3.blazek.xyz\/de\/wp-json\/wp\/v2\/pages\/1238\/revisions\/1681"}],"wp:attachment":[{"href":"https:\/\/wp3.blazek.xyz\/de\/wp-json\/wp\/v2\/media?parent=1238"}],"curies":[{"name":"wp","href":"https:\/\/api.w.org\/{rel}","templated":true}]}}